{"id":20169,"date":"2021-11-30T15:25:45","date_gmt":"2021-11-30T20:25:45","guid":{"rendered":"https:\/\/amerilawyer-blog.local\/?page_id=20169"},"modified":"2021-12-06T13:40:28","modified_gmt":"2021-12-06T18:40:28","slug":"como-crear-empresa-connecticut","status":"publish","type":"page","link":"https:\/\/www.amerilawyer.com\/blog\/como-crear-empresa-connecticut","title":{"rendered":"Como Crear Una Empresa Ventajosa en Connecticut"},"content":{"rendered":"<div style=\"font-size: 14px\">\n<div class=\"grid\" style=\"\">\n<div class=\"col col-6-of-12\" style=\"padding-right:15px; \">\n<h1 style=\"font-family:'arial black'\" align=\"left\">Como Crear Una Empresa Ventajosa en Connecticut<\/h1>\n<p style=\"\">\nPuede organizar una empresa en Connecticut solicitando art\u00edculos de organizaci\u00f3n en l\u00ednea. Sin embargo, todav\u00eda le faltar\u00e1n muchos de los documentos importantes de la empresa que requieren las autoridades estatales y federales, que se incluyen en nuestro kit completo de la empresa sin costo adicional cuando usted forma una empresa en Connecticut con nosotros. Tambi\u00e9n necesita conocer las licencias necesarias para su negocio y las implicaciones legales. Proporcionamos los art\u00edculos de organizaci\u00f3n, un kit completo de la empresa y asesoramiento legal gratuito, todo por casi el mismo precio que si lo hubiera hecho usted mismo.\n<\/p>\n<p style=\"background-color:#D3D3D3\">Para crear una Empresa, te hace falta: <\/p>\n<ul style=\"border-bottom:1px solid #D3D3D3; padding-bottom:7px\">\n<li>Art\u00edculos de Organizaci\u00f3n<\/li>\n<li>Nombre de Empresa<\/li>\n<li>Prop\u00f3sito de la Empresa<\/li>\n<li>Direcci\u00f3n principal y postal<\/li>\n<li>Agente Registrado<\/li>\n<\/ul>\n<\/div>\n<div class=\"col col-6-of-12\" align=\"right\" style=\"\">\n<a href=\"https:\/\/www.amerilawyer.com\/\"><br \/>\n<img loading=\"lazy\" decoding=\"async\" style=\"margin-top:0px\" src=\"https:\/\/amerilawyer-blog.local\/wp-content\/uploads\/2021\/11\/Natalia-Utrera-1-1024x675.png\" alt=\"como-crear-una-empresa-Connecticut\" width=\"600\" height=\"396\" class=\"aligncenter size-full wp-image-18476\" \/><\/a><\/p>\n<div style=\"font-size:12px\"><\/div>\n<\/div>\n<\/div>\n<div class=\"grid\" align=\"\">\n<h2 align=\"\" style=\"font-family:'arial black';padding-top:0px; margin-top:0px; padding-bottom:15px; font-size:24px\">Registrar y Comenzar una Empresa en Connecticut<\/h2>\n<div class=\"col col-4-of-12\" align=\"center\" style=\"background-color:red; border:4px double white\">\n<div align=\"left\" style=\"color:white; padding-left:65px\">\n<div style=\"font-family:'arial black'; color:white; font-size:24px; padding:10px; padding-top:20px\"><u>CON NOSOTROS<\/u><\/div>\n<p><b style=\"\">&#10003;<\/b> B\u00fasqueda de nombre preliminar<\/p>\n<p><b style=\"\">&#10003;<\/b> Libro corporativo y sello<\/p>\n<p><b style=\"\">&#10003;<\/b> Articulos de incorporaci\u00f3n<\/p>\n<p><b style=\"\">&#10003;<\/b> Minutos corporativos<\/td>\n<p><b style=\"\">&#10003;<\/b> Preparar y archivar empresa<\/p>\n<p><b style=\"\">&#10003;<\/b> Registro de propiedad<\/p>\n<p><b style=\"\">&#10003;<\/b> Resoluci\u00f3n Bancaria<\/p>\n<p><b style=\"\">&#10003;<\/b> Certificado de acciones<\/p>\n<p><b style=\"\">&#10003;<\/b> Certificado de acciones<\/p>\n<p><b style=\"color:gold\">&#9733;<\/b> Incluye tarifa del estado<\/p>\n<p><b style=\"color:gold\">&#9733;<\/b> Habla con un Abogado<em>!<\/em><\/p>\n<p><b style=\"color:gold\">&#9733;<\/b> Garant\u00eda de precio m\u00e1s bajo 110%\n<\/div>\n<style>\r\n.myButton {\r\n\t-moz-box-shadow: 1px 2px 0px 0px #939393;\r\n\t-webkit-box-shadow: 1px 2px 0px 0px #939393;\r\n\tbox-shadow: 1px 2px 0px 0px #939393;\r\n\tbackground:-webkit-gradient(linear, left top, left bottom, color-stop(0.05, #ff0000), color-stop(1, #e53737));\r\n\tbackground:-moz-linear-gradient(top, #ff00005%, #e53737100%);\r\n\tbackground:-webkit-linear-gradient(top, #ff00005%, #e53737100%);\r\n\tbackground:-o-linear-gradient(top, #ff00005%, #e53737100%);\r\n\tbackground:-ms-linear-gradient(top, #ff00005%, #e53737100%);\r\n\tbackground:linear-gradient(to bottom, #ff00005%, #e53737100%);\r\n\tfilter:progid:DXImageTransform.Microsoft.gradient(startColorstr='#ff7979', endColorstr='#e53737',GradientType=0);\r\n\tbackground-color:#000000;\r\n\t-moz-border-radius:5px;\r\n\t-webkit-border-radius:5px;\r\n\tborder-radius:5px;\r\n\tborder:1px solid #cdcdcd;\r\n\tdisplay:inline-block;\r\n\tcursor:pointer;\r\n\tcolor:FCFCFC;\r\n\tfont-family:Arial;\r\n\tfont-size:17px;\r\n\tfont-weight:bold;\r\n\tpadding:6px 22px;\r\n\ttext-decoration:none;\r\n\ttext-shadow:0px 1px 0px #cc5252;\r\nmargin-bottom: 20px;\r\n}\r\n.myButton:hover {\r\n\tbackground:-webkit-gradient(linear, left top, left bottom, color-stop(0.05, #e53737), color-stop(1, #700000));\r\n\tbackground:-moz-linear-gradient(top, #e537375%, #700000100%);\r\n\tbackground:-webkit-linear-gradient(top, #e537375%, #700000100%);\r\n\tbackground:-o-linear-gradient(top, #e537375%, #700000100%);\r\n\tbackground:-ms-linear-gradient(top, #e537375%, #700000100%);\r\n\tbackground:linear-gradient(to bottom, #e537375%, #700000100%);\r\n\tfilter:progid:DXImageTransform.Microsoft.gradient(startColorstr='#e537375', endColorstr='#700000',GradientType=0);\r\n\tbackground-color:#e53737;\r\n}\r\n.myButton:active {\r\n\tposition:relative;\r\n\ttop:1px;\r\n}\r\n<\/style>\n<div style=\"margin-top:20px;margin-bottom:5px \"><a href=\"https:\/\/www.amerilawyer.com\/order.htm\" class=\"myButton\" style=\"color: white; font-family: 'arial black'; align:center;\">\u00a1Incorporar en Connecticut!<\/a><\/div>\n<\/div>\n<div class=\"col col-4-of-12\" align=\"center\" style=\"background-color:forestgreen; border:4px double white;\">\n<div align=\"left\" style=\"color:white; padding-left:75px; padding-bottom:30px\">\n<div style=\"font-family:'arial black'; color:white; font-size:24px; padding:10px; padding-top:20px\"><u>COMPETIDOR<\/u><\/div>\n<p><b style=\"\">&#10003;<\/b> Articulos de incorporaci\u00f3n<\/p>\n<p><b style=\"\">&#10003;<\/b> Preparar y archivar empresa<\/p>\n<p><b style=\"\">&#10003;<\/b> B\u00fasqueda de nombre preliminar\n <\/div>\n<\/div>\n<div class=\"col col-4-of-12\" align=\"center\" style=\"background-color:#004aad; border:4px double white\">\n<div align=\"left\" style=\"color:white; padding-left:75px; padding-bottom:30px; \">\n<div style=\"font-family:'arial black'; color:white; font-size:24px; padding:10px; padding-top:20px\"><u>POR T\u00cd MISMO<\/u><\/div>\n<p><b style=\"\">&#10003;<\/b> Articulos de incorporaci\u00f3n\n<\/div>\n<\/div>\n<\/div>\n<h2 style=\"font-family:'arial black'; margin-top:30px; font-size:24px\">\u00bfQu\u00e9 Es Una Empresa LLC y como crear una Empresa LLC en Connecticut?<\/h2>\n<div class=\"grid\">\n<div class=\"col col-6-of-12\">\n<p style=\"\">La principal ventaja de la Empresa de Responsabilidad Limitada (&#8220;LLC&#8221;) en Connecticut es que no est\u00e1 sujeta a las restricciones de propiedad impuestas a una corporaci\u00f3n de peque\u00f1a empresa (tambi\u00e9n conocida como Corporaci\u00f3n de Subcap\u00edtulo S). Una empresa LLC puede tener m\u00e1s de 100 miembros o tan pocos como uno. Sus intereses pueden ser mantenidos por corporaciones, sociedades, extranjeros no residentes, fideicomisos, planes de pensiones y organizaciones caritativas. La empresa LLC en Connecticut puede hacer asignaciones especiales, evitando as\u00ed el requisito de una sola clase de acciones aplicable a una corporaci\u00f3n S. Puede poseer m\u00e1s del 80% de las acciones de una corporaci\u00f3n y, por lo tanto, ser miembro de un grupo afiliado.<\/p>\n<p align=\"\" style=\"margin-bottom:30px\">La empresa LLC en Connecticut es una entidad h\u00edbrida que es muy flexible y puede estar sujeta a impuestos como sociedad, corporaci\u00f3n o como propietario \u00fanico al tiempo que proporciona protecci\u00f3n de responsabilidad limitada para todos sus miembros. Para fines de impuestos federales, una empresa LLC, como una sociedad o un propietario \u00fanico, es una entidad de transferencia y sus ingresos y p\u00e9rdidas se gravan solo a nivel de miembro. Sin embargo, todos los miembros de una empresa LLC tienen responsabilidad limitada por las deudas y reclamaciones contra la empresa LLC; Ning\u00fan miembro ser\u00e1 cargado con responsabilidad personal.<\/p>\n<\/div>\n<div class=\"col col-6-of-12\" style=\"text-align:center\">\n<iframe loading=\"lazy\" title=\"Como Crear tu Empresa LLC y Corporacion\" width=\"500\" height=\"281\" src=\"https:\/\/www.youtube.com\/embed\/0SdMDPmyqYI?feature=oembed\" frameborder=\"0\" allow=\"accelerometer; autoplay; clipboard-write; encrypted-media; gyroscope; picture-in-picture; web-share\" referrerpolicy=\"strict-origin-when-cross-origin\" allowfullscreen><\/iframe>\n<\/div>\n<\/div>\n<!--BEGINNING OF MOBILE FORM -->\r\n<div align=\"center\" style=\"margin-top:15px\">\r\n<div style=\"border-style: solid none solid none; background-color: #FFFFCC; border-top-width: 1px; border-bottom-width: 1px; border-top-color: #000000; border-bottom-color: #000000;padding-top:10px;padding-bottom:10px;padding-left:5px;\">\r\n                <span style=\"font-family: 'arial black'; font-size: 18px\"><strong>\r\n\t\t\t\t\tEnv\u00ede los detalles y nuestros abogados lo llamar\u00e1n dentro de 4 horas de negocio <b style=\"border-bottom:double 2px black\"><\/b><\/strong> <\/span><form name=\"inquiry\" action=\"https:\/\/www.amerilawyer.com\/getimmediateassistance.php\" method=\"POST\" style=\"vertical-align:middle;font-family:Arial;font-size:12pt;\">\r\n<div style=\"text-align: center\">\r\n<input type=\"hidden\" name=\"formtype\" value=\"GetAssistance\"> \r\n<div style=\"width:100px; display:inline-block; margin-top:20px\">Nombre:<\/div><div style=\"display:inline-block\">\r\n<input size=\"35\" name=\"name\" maxlength=\"30\"><\/div><br>\r\n<div style=\"width:100px; display:inline-block;margin-top:5px\">Tel\u00e9fono:<\/div><div style=\"display:inline-block;margin-top:5px;\">\r\n<input maxlength=\"30\" size=\"35\" name=\"phone\"><\/div><br>\r\n<div style=\"width:100px; display:inline-block;margin-top:5px\">Correo e.:<\/div><div style=\"display:inline-block;margin-top:5px;\">\r\n<input maxlength=\"40\" size=\"35\" name=\"email\"><\/div><br>\r\n\r\n\r\n\r\n\r\n<div style=\"text-align:center; margin-top:10px; padding-left:40px\"><input type=\"submit\" value=\"Haga clic aqu\u00ed para obtener ayuda >>\" name=\"submit\" style=\"margin-top:5px;padding:5px;; margin-bottom:5px\"><\/div>\r\n<\/div>\r\n<\/form>\r\n<\/div>\r\n<span style=\"font-size:11px\">* Por favor, d\u00e9 a nuestros abogados hasta 4 horas h\u00e1biles para llamar a su tel\u00e9fono. Gracias.<\/span>\r\n\r\n<\/div>\r\n<!--END OF MOBILE FORM-->\r\n\n<h2 style=\"font-size:24px; margin-top: 30px; font-family:'arial black'\">Diferencia Entre Una Corporaci\u00f3n y Una empresa LLC en Connecticut<\/h2>\n<p align=\"\" style=\"margin-top:0px\">Una empresa LLC en Connecticut, como una Corporaci\u00f3n, tiene una protecci\u00f3n de responsabilidad limitada para todos sus propietarios, conocidos como miembros en una empresa LLC. Las empresa LLC de un solo miembro, a efectos fiscales, se transfieren y se ignoran como entidades separadas de su propietario. El miembro reporta los ingresos del negocio en impuestos personales. Una empresa LLC puede optar por pagar impuestos como una Corporaci\u00f3n C al presentar el Formulario 8832. Tanto la Corporaci\u00f3n como la Corporaci\u00f3n C pueden ser responsables de pagar los impuestos sobre el empleo. Una empresa LLC no tiene accionistas o acciones; intercambian y transfieren intereses financieros a trav\u00e9s de un certificado de membres\u00eda. Un miembro solo puede transferir intereses financieros, no derechos de administraci\u00f3n, a menos que se indique lo contrario en el acuerdo de operaci\u00f3n. La empresa LLC elige miembros en el Certificado de Organizaci\u00f3n durante su formaci\u00f3n. <\/p>\n<p>M\u00e1s all\u00e1 de eso, los nuevos miembros pueden ser elegidos por el voto un\u00e1nime de todos los miembros o en base a las reglas del acuerdo operativo. Casi todas las reglas comerciales de la empresa LLC en Connecticut, desde el m\u00e9todo de aceptaci\u00f3n de nuevos miembros hasta la distribuci\u00f3n de beneficios, se pueden declarar en el acuerdo de operaci\u00f3n. Si est\u00e1 pensando en comenzar una empresa LLC, una entidad legal, nuestro bufete de abogados puede ayudarlo a formar una empresa LLC. En Spiegel &#038; Utrera, P.A. Proporcionamos al cliente un Kit Corporativo Completo y asesoramiento legal para su formaci\u00f3n.<\/p>\n<div class=\"grid\" style=\"margin-top:30px; border-top:2px dashed black; border-bottom:2px dashed black\">\n<h2 align=\"\" style=\"font-family:'arial black'; font-size:24px; margin-bottom:0px; margin-top:15px\">Kit Corporativo Completo<\/h2>\n<div class=\"col col-5-of-12\">\n<table>\n<tr style=\"border:none\">\n<td style=\"border:none; padding-top:0px; padding-left:0px\">\n<div style=\"margin-bottom:0px\">\n<div style=\"margin-top:0px\">\n<b>KIT CORPORATIVO COMPLETO cuando te incorporas con nosotros:<\/b><br \/>\n<u style=\"color:red; font-weight:bold\">INCLUYE<\/u> Tarifa de presentaci\u00f3n estatal,<br \/>\n<u style=\"color:red; font-weight:bold\">INCLUYE<\/u> Sello y libro corporativo o de la empresa<br \/>\n<u style=\"color:red; font-weight:bold\">INCLUYE<\/u> Certificado o Art\u00edculos de  Organizaci\u00f3n<br \/>\n<u style=\"color:red; font-weight:bold\">INCLUYE<\/u> Minutos de la empresa o corporativos<br \/>\n<u style=\"color:red; font-weight:bold\">INCLUYE<\/u> Regulaciones corporativas o LLC<br \/>\n<u style=\"color:red; font-weight:bold\">INCLUYE<\/u> Registro de propiedad corporativa<br \/>\n<u style=\"color:red; font-weight:bold\">INCLUYE<\/u> Resoluci\u00f3n Bancaria<br \/>\n<u style=\"color:red; font-weight:bold\">INCLUYE<\/u> Membres\u00eda o certificado de acciones<br \/>\n<u style=\"color:red; font-weight:bold\">INCLUYE<\/u> B\u00fasqueda de nombre preliminar<br \/>\n<u style=\"color:red; font-weight:bold\">INCLUYE<\/u> Garant\u00eda de precio m\u00e1s bajo 110% <em style=\"font-weight:bold\">!<\/em><\/p>\n<p>S\u00ed, incluso <u style=\"font-weight:bold\">incluye consejo legal de un abogado gratis!<\/u><\/p>\n<p style=\"font-weight:bold\"><a href=\"https:\/\/www.amerilawyer.com\/incredibleprices.htm\">\u00bfCu\u00e1l es el secreto de estos precios tan buenos?<\/a><\/p>\n<style>\r\n.myButton {\r\n\t-moz-box-shadow: 1px 2px 0px 0px #939393;\r\n\t-webkit-box-shadow: 1px 2px 0px 0px #939393;\r\n\tbox-shadow: 1px 2px 0px 0px #939393;\r\n\tbackground:-webkit-gradient(linear, left top, left bottom, color-stop(0.05, #ff0000), color-stop(1, #e53737));\r\n\tbackground:-moz-linear-gradient(top, #ff00005%, #e53737100%);\r\n\tbackground:-webkit-linear-gradient(top, #ff00005%, #e53737100%);\r\n\tbackground:-o-linear-gradient(top, #ff00005%, #e53737100%);\r\n\tbackground:-ms-linear-gradient(top, #ff00005%, #e53737100%);\r\n\tbackground:linear-gradient(to bottom, #ff00005%, #e53737100%);\r\n\tfilter:progid:DXImageTransform.Microsoft.gradient(startColorstr='#ff7979', endColorstr='#e53737',GradientType=0);\r\n\tbackground-color:#000000;\r\n\t-moz-border-radius:5px;\r\n\t-webkit-border-radius:5px;\r\n\tborder-radius:5px;\r\n\tborder:1px solid #cdcdcd;\r\n\tdisplay:inline-block;\r\n\tcursor:pointer;\r\n\tcolor:FCFCFC;\r\n\tfont-family:Arial;\r\n\tfont-size:17px;\r\n\tfont-weight:bold;\r\n\tpadding:6px 22px;\r\n\ttext-decoration:none;\r\n\ttext-shadow:0px 1px 0px #cc5252;\r\nmargin-bottom: 20px;\r\n}\r\n.myButton:hover {\r\n\tbackground:-webkit-gradient(linear, left top, left bottom, color-stop(0.05, #e53737), color-stop(1, #700000));\r\n\tbackground:-moz-linear-gradient(top, #e537375%, #700000100%);\r\n\tbackground:-webkit-linear-gradient(top, #e537375%, #700000100%);\r\n\tbackground:-o-linear-gradient(top, #e537375%, #700000100%);\r\n\tbackground:-ms-linear-gradient(top, #e537375%, #700000100%);\r\n\tbackground:linear-gradient(to bottom, #e537375%, #700000100%);\r\n\tfilter:progid:DXImageTransform.Microsoft.gradient(startColorstr='#e537375', endColorstr='#700000',GradientType=0);\r\n\tbackground-color:#e53737;\r\n}\r\n.myButton:active {\r\n\tposition:relative;\r\n\ttop:1px;\r\n}\r\n<\/style>\n<div align=\"left\" style=\"margin-top:10px\"><a href=\"https:\/\/www.amerilawyer.com\/corporate-kit\/\" class=\"myButton\" style=\"color: white; font-family: 'arial black'\">\u00a1Compre un Kit Corporativo $29.95!<\/a><\/div>\n<\/div>\n<\/div>\n<\/td>\n<\/tr>\n<\/table>\n<\/div>\n<div class=\"col col-4-of-12\" align=\"center\">\n<img loading=\"lazy\" decoding=\"async\" style=\"margin-top:0px; margin-bottom:20px\" src=\"https:\/\/amerilawyer-blog.local\/wp-content\/uploads\/2019\/01\/corporate-kit400x400-1.png\" alt=\"como-crear-compa\u00f1ia-Connecticut\" width=\"340\" height=\"340\" class=\"alignnone size-full wp-image-5828\" srcset=\"https:\/\/www.amerilawyer.com\/blog\/wp-content\/uploads\/2019\/01\/corporate-kit400x400-1.png 400w, https:\/\/www.amerilawyer.com\/blog\/wp-content\/uploads\/2019\/01\/corporate-kit400x400-1-150x150.png 150w, https:\/\/www.amerilawyer.com\/blog\/wp-content\/uploads\/2019\/01\/corporate-kit400x400-1-300x300.png 300w, https:\/\/www.amerilawyer.com\/blog\/wp-content\/uploads\/2019\/01\/corporate-kit400x400-1-144x144.png 144w\" sizes=\"auto, (max-width: 340px) 100vw, 340px\" \/>\n<\/div>\n<div class=\"col col-3-of-12\" align=\"center\">\n<img loading=\"lazy\" decoding=\"async\" style=\"margin-bottom:30px\" src=\"https:\/\/amerilawyer-blog.local\/wp-content\/uploads\/2021\/11\/seal-of-connecticut.png\" alt=\"como-crear-corporacion-Connecticut\" width=\"240\" height=\"308\" class=\"alignnone size-full wp-image-17990\" \/>\n<\/div>\n<\/div>\n<h2 style=\"margin-top: 20px; font-size: 24px; font-family:'arial black'\">Impuestos en Connecticut De Una Empresa LLC<\/h2>\n<p style=\"\">Una Empresa LLC en Connecticut es sujeta a impuestos como sociedad, o propiedad exclusiva, puede tener ventajas sobre una Corporaci\u00f3n S. El monto de las p\u00e9rdidas deducibles de los accionistas de un Subcap\u00edtulo S Corporaci\u00f3n se limita a la suma de la base del accionista en sus acciones y cualquier pr\u00e9stamo del accionista a la corporaci\u00f3n. En contraste, un socio puede deducir p\u00e9rdidas en una cantidad hasta la suma de la base en el inter\u00e9s de la sociedad, la parte asignable de los ingresos de la sociedad y su parte asignable de la deuda de la sociedad que califica. Si usted es un solo miembro de la LLC, puede presentar el Formulario C del <a href=\"https:\/\/www.irs.gov\/pub\/irs-pdf\/f1040sc.pdf\" rel=\"noopener noreferrer\" target=\"_blank\">Formulario 1040<\/a>.<\/p>\n<p>C\u00f3mo funcionan los impuestos es simple; Por ejemplo, cada uno de los 10 individuos contribuye con $100,000 para adquirir un edificio de oficinas, luego la entidad pide prestados a un banco $5,000,000 adicionales como el saldo del precio de compra de $6,000,000 del edificio. Si se grava como una corporaci\u00f3n S, cada accionista tiene una deducci\u00f3n por p\u00e9rdida limitada a $100,000. Sin embargo, si la entidad es una empresa LLC gravada como una sociedad, cada miembro puede deducir p\u00e9rdidas de hasta $600,000 (base de $100,000 m\u00e1s $500,000 de la deuda de la entidad). Estas p\u00e9rdidas pueden ser utilizadas por los individuos para compensar otros ingresos que puedan tener de otras fuentes.<\/p>\n<h2 style=\"font-size: 24px; font-family:'arial black'\">\n\u00bfPor qu\u00e9 elegirnos para formar una corporaci\u00f3n o LLC?<\/h6>\n<p>Spiegel &#038; Utrera, P.A. le brinda informaci\u00f3n, orientaci\u00f3n y asesoramiento en base a nuestros 175 a\u00f1os de experiencia legal. El uso de un bufete de abogados para incorporar y organizar su Corporaci\u00f3n, LLC, Sin fines de lucro o asociaci\u00f3n asegurar\u00e1 que todas sus bases est\u00e9n cubiertas.<\/p>\n<p>\n<strong>Obtiene incorporaci\u00f3n, un kit corporativo completo y asesoramiento legal por casi el mismo precio que si lo hiciera usted mismo.<\/strong> Ll\u00e1menos al <a href=\"tel:1-800-603-3900\">1-800-603-3900<\/a> para hacer un pedido por tel\u00e9fono, o cualquier pregunta.<\/p>\n<div style=\"font-size:14px\">\n<h3 style=\"font-family:'arial black'; text-align:center; font-size:24px; padding-bottom:0px; margin-bottom:0px; color: firebrick\">Crear una Empresa en los Estados Unidos<\/h3>\n<p style=\"margin-top:0px; text-align:center; padding-top:0px\"><b style=\"font-size:14px\">&#x2023;<\/b> Elija el estado en el que desea crear una empresa:<\/p>\n<div class=\"grid\" style=\"text-align:center\">\n<div class=\"col col-2-of-12\">\n<p><a href=\"https:\/\/amerilawyer-blog.local\/como-crear-empresa-california\/\">California<\/a><\/p>\n<p><a href=\"https:\/\/amerilawyer-blog.local\/como-crear-empresa-delaware\/\">Delaware<\/a><\/p>\n<p><a href=\"https:\/\/amerilawyer-blog.local\/como-crear-empresa-florida\/\">Florida<\/a><\/p>\n<p><a href=\"https:\/\/amerilawyer-blog.local\/como-crear-empresa-illinois\/\">Illinois<\/a><\/p>\n<p><a href=\"https:\/\/amerilawyer-blog.local\/como-crear-empresa-nevada\/\">Nevada<\/a><\/p>\n<p><a href=\"https:\/\/amerilawyer-blog.local\/como-crear-empresa-new-jersey\/\">New Jersey<\/a><\/p>\n<p><a href=\"https:\/\/amerilawyer-blog.local\/como-crear-empresa-new-york\/\">New York<\/a><\/p>\n<p><a href=\"https:\/\/amerilawyer-blog.local\/como-crear-empresa-georgia\/\">Georgia<\/a><\/p>\n<p><a href=\"https:\/\/amerilawyer-blog.local\/crear-compania-arizona\/\">Arizona<\/a><\/p>\n<\/div>\n<div class=\"col col-2-of-12\">\n<p><a href=\"https:\/\/amerilawyer-blog.local\/como-crear-empresa-alabama\/\">Alabama<\/a><\/p>\n<p><a href=\"https:\/\/amerilawyer-blog.local\/como-crear-empresa-alaska\/\">Alaska<\/a><\/p>\n<p><a href=\"https:\/\/amerilawyer-blog.local\/como-crear-empresa-arkansas\/\">Arkansas<\/a><\/p>\n<p><a href=\"https:\/\/amerilawyer-blog.local\/como-crear-empresa-colorado\/\">Colorado<\/a><\/p>\n<p><a href=\"https:\/\/amerilawyer-blog.local\/como-crear-empresa-connecticut\/\">Connecticut<\/a><\/p>\n<p><a href=\"https:\/\/amerilawyer-blog.local\/como-crear-empresa-hawaii\/\">Hawaii<\/a><\/p>\n<p><a href=\"https:\/\/amerilawyer-blog.local\/como-crear-empresa-idaho\/\">Idaho<\/a><\/p>\n<p><a href=\"https:\/\/amerilawyer-blog.local\/como-crear-empresa-indiana\/\">Indiana<\/a><\/p>\n<p><a href=\"https:\/\/amerilawyer-blog.local\/como-crear-empresa-iowa\/\">Iowa<\/a><\/p>\n<\/div>\n<div class=\"col col-2-of-12\">\n<p><a href=\"https:\/\/amerilawyer-blog.local\/como-crear-empresa-kansas\/\">Kansas<\/a><\/p>\n<p><a href=\"https:\/\/amerilawyer-blog.local\/como-crear-empresa-kentucky\/\">Kentucky<\/a><\/p>\n<p><a href=\"https:\/\/amerilawyer-blog.local\/como-crear-empresa-louisiana\/\">Louisiana<\/a><\/p>\n<p><a href=\"https:\/\/amerilawyer-blog.local\/como-crear-empresa-maine\/\">Maine<\/a><\/p>\n<p><a href=\"https:\/\/amerilawyer-blog.local\/como-crear-empresa-maryland\/\">Maryland<\/a><\/p>\n<p><a href=\"https:\/\/amerilawyer-blog.local\/como-crear-empresa-massachusetts\/\">Massachusetts<\/a><\/p>\n<p><a href=\"https:\/\/amerilawyer-blog.local\/como-crear-empresa-michigan\/\">Michigan<\/a><\/p>\n<p><a href=\"https:\/\/amerilawyer-blog.local\/como-crear-empresa-minnesota\/\">Minnesota<\/a><\/p>\n<p><a href=\"https:\/\/amerilawyer-blog.local\/como-crear-empresa-mississippi\/\">Mississippi<\/a><\/p>\n<\/div>\n<div class=\"col col-2-of-12\">\n<p><a href=\"https:\/\/amerilawyer-blog.local\/como-crear-empresa-missouri\/\">Missouri<\/a><\/p>\n<p><a href=\"https:\/\/amerilawyer-blog.local\/como-crear-empresa-montana\/\">Montana<\/a><\/p>\n<p><a href=\"https:\/\/amerilawyer-blog.local\/como-crear-empresa-nebraska\/\">Nebraska<\/a><\/p>\n<p><a href=\"https:\/\/amerilawyer-blog.local\/como-crear-empresa-new-hampshire\/\">New Hampshire<\/a><\/p>\n<p><a href=\"https:\/\/amerilawyer-blog.local\/como-crear-empresa-new-mexico\/\">New Mexico<\/a><\/p>\n<p><a href=\"https:\/\/amerilawyer-blog.local\/como-crear-empresa-north-carolina\/\">North Carolina<\/a><\/p>\n<p><a href=\"https:\/\/amerilawyer-blog.local\/como-crear-empresa-north-dakota\/\">North Dakota<\/a><\/p>\n<p><a href=\"https:\/\/amerilawyer-blog.local\/crear-compania-ohio\/\">Ohio<\/a><\/p>\n<p><a href=\"https:\/\/amerilawyer-blog.local\/como-crear-empresa-oklahoma\/\">Oklahoma<\/a><\/p>\n<\/div>\n<div class=\"col col-2-of-12\">\n<p><a href=\"https:\/\/amerilawyer-blog.local\/como-crear-empresa-oregon\/\">Oregon<\/a><\/p>\n<p><a href=\"https:\/\/amerilawyer-blog.local\/como-crear-empresa-pennsylvania\/\">Pennsylvania<\/a><\/p>\n<p><a href=\"https:\/\/amerilawyer-blog.local\/como-crear-empresa-rhode-island\/\">Rhode Island<\/a><\/p>\n<p><a href=\"https:\/\/amerilawyer-blog.local\/crear-compania-south-carolina\/\">South Carolina<\/a><\/p>\n<p><a href=\"https:\/\/amerilawyer-blog.local\/como-crear-empresa-south-dakota\/\">South Dakota<\/a><\/p>\n<p><a href=\"https:\/\/amerilawyer-blog.local\/como-crear-empresa-tennessee\/\">Tennessee<\/a><\/p>\n<p><a href=\"https:\/\/amerilawyer-blog.local\/como-crear-empresa-texas\/\">Texas<\/a><\/p>\n<p><a href=\"https:\/\/amerilawyer-blog.local\/como-crear-empresa-utah\/\">Utah<\/a><\/p>\n<p><a href=\"https:\/\/amerilawyer-blog.local\/como-crear-empresa-vermont\/\">Vermont<\/a><\/p>\n<\/div>\n<div class=\"col col-2-of-12\">\n<p><a href=\"https:\/\/amerilawyer-blog.local\/como-crear-empresa-virginia\/\">Virginia<\/a><\/p>\n<p><a href=\"https:\/\/amerilawyer-blog.local\/como-crear-empresa-washington\/\">Washington<\/a><\/p>\n<p><a href=\"https:\/\/amerilawyer-blog.local\/como-crear-empresa-washington-dc\/\">Washington DC<\/a><\/p>\n<p><a href=\"https:\/\/amerilawyer-blog.local\/como-crear-empresa-west-virginia\/\">West Virginia<\/a><\/p>\n<p><a href=\"https:\/\/amerilawyer-blog.local\/como-crear-empresa-wisconsin\/\">Wisconsin<\/a><\/p>\n<p><a href=\"https:\/\/amerilawyer-blog.local\/como-crear-empresa-wyoming\/\">Wyoming<\/a>\n<\/div>\n<\/div>\n<div style=\"border-top:1px solid black; margin-top:35px\">\n<div align=\"center\" style=\"margin-left:10%; margin-right:10%; margin-top:30px\">\r\n<div align=\"center style=\"margin-bottom: 0px\"><span itemscope=\"\" itemtype=\"http:\/\/data-vocabulary.org\/Review\">\r\n<meta content=\"Spiegel & Utrera, P.A.\" itemprop=\"itemreviewed\">\r\n<meta content=\"5\" itemprop=\"rating\">\r\n<span itemprop=\"reviewer\">Gonzalo Estrada<\/span><\/span><\/div>\r\n<p style=\"margin-top:0px; font-size:20px; color: #fbbc04\">\u2605\u2605\u2605\u2605\u2605<\/p>\r\n<div style=\"margin-top:-20px\"><span itemprop=\"description\"><em>Great service, great price. Very professional law firm.  Staff Is extremely helpful and knowledgeable. Thank you Spiegel & Utrera for helping  me start my company.<\/em><\/span><\/div><\/div>\n<\/div>\n<\/div>\n","protected":false},"excerpt":{"rendered":null,"protected":false},"author":2,"featured_media":0,"parent":0,"menu_order":0,"comment_status":"closed","ping_status":"closed","template":"","meta":{"footnotes":""},"class_list":["post-20169","page","type-page","status-publish","hentry"],"_links":{"self":[{"href":"https:\/\/www.amerilawyer.com\/blog\/wp-json\/wp\/v2\/pages\/20169","targetHints":{"allow":["GET"]}}],"collection":[{"href":"https:\/\/www.amerilawyer.com\/blog\/wp-json\/wp\/v2\/pages"}],"about":[{"href":"https:\/\/www.amerilawyer.com\/blog\/wp-json\/wp\/v2\/types\/page"}],"author":[{"embeddable":true,"href":"https:\/\/www.amerilawyer.com\/blog\/wp-json\/wp\/v2\/users\/2"}],"replies":[{"embeddable":true,"href":"https:\/\/www.amerilawyer.com\/blog\/wp-json\/wp\/v2\/comments?post=20169"}],"version-history":[{"count":0,"href":"https:\/\/www.amerilawyer.com\/blog\/wp-json\/wp\/v2\/pages\/20169\/revisions"}],"wp:attachment":[{"href":"https:\/\/www.amerilawyer.com\/blog\/wp-json\/wp\/v2\/media?parent=20169"}],"curies":[{"name":"wp","href":"https:\/\/api.w.org\/{rel}","templated":true}]}}